{"id":3,"date":"2020-04-22T03:36:18","date_gmt":"2020-04-22T03:36:18","guid":{"rendered":"https:\/\/omegatech.mx\/oficial\/?page_id=3"},"modified":"2021-05-07T16:33:50","modified_gmt":"2021-05-07T16:33:50","slug":"privacy-policy","status":"publish","type":"page","link":"https:\/\/omegatech.mx\/oficial\/privacy-policy\/","title":{"rendered":"Aviso de Privacidad"},"content":{"rendered":"<p>[vc_row][vc_column][vc_column_text]<\/p>\r\n<h2 class=\"wp-block-heading\">Aviso de Privacidad<\/h2>\r\n\r\n<p>Nuestra website oficial es: https:\/\/omegatech.mx\/oficial.<\/p>\r\n\r\n<p>Su privacidad es importante para nosotros.<\/p>\r\n\r\n<p>Nosotros y nuestros socios almacenamos o accedemos a informaci\u00f3n en un dispositivo, tales como cookies, y procesamos datos personales, tales como identificadores \u00fanicos e informaci\u00f3n est\u00e1ndar enviada por un dispositivo, para anuncios y contenido personalizados, medici\u00f3n de anuncios y del contenido e informaci\u00f3n sobre el p\u00fablico, as\u00ed como para desarrollar y mejorar nuestros servicios.<\/p>\r\n\r\n<p>Con su permiso, nosotros y nuestros socios podemos utilizar datos de localizaci\u00f3n geogr\u00e1fica precisa e identificaci\u00f3n mediante las caracter\u00edsticas de dispositivos.<\/p>\r\n\r\n<p>Puede hacer clic para otorgarnos su conocimiento a nosotros y a nuestros socios para que llevemos a cabo el procesamiento previamente descrito. De forma alternativa, puede acceder a informaci\u00f3n mas detallada y cambiar sus preferencias antes de otorgar o negar su consentimiento.<\/p>\r\n\r\n<p>Tenga en cuenta que alg\u00fan procesamiento de sus datos personales puede no requerir de su consentimiento, pero usted tiene el derecho de rechazar tal procesamiento. Sus preferencias se aplicar\u00e1n solo a este sitio web. Puede cambiar sus preferencias en cualquier momento entrando de nuevo en este sitio web o visitando nuestra pol\u00edtica de privacidad.<\/p>\r\n\r\n<p>Autorizo a Omega Tech Solutions para que tenga acceso a mi informaci\u00f3n aqu\u00ed proporcionada . Nombre, tel\u00e9fono, Email<\/p>\r\n\r\n<p>Dichos datos recabados ser\u00e1n utilizados exclusivamente para llevar a cabo la gesti\u00f3n de citas, ventas y env\u00edo publicitario.<\/p>\r\n\r\n<p>Dicha informaci\u00f3n es exclusiva de Omega Tech Solutions y por ning\u00fan motivo se har\u00e1 uso inadecuado de ella ni se pondr\u00e1 a la venta.<\/p>\r\n<p>\u00a0<\/p>\r\n\r\n<h3 class=\"wp-block-heading\">Media<\/h3>\r\n<p>\u00a0<\/p>\r\n\r\n<p id=\"tw-target-text\" class=\"wp-block-preformatted\">Si carga im\u00e1genes en el sitio web, debe evitar cargar im\u00e1genes con datos de ubicaci\u00f3n incrustados (GPS EXIF) incluidos. Los visitantes del sitio web pueden descargar y extraer los datos de ubicaci\u00f3n de las im\u00e1genes del sitio web.<\/p>\r\n<p>\u00a0<\/p>\r\n\r\n<h3 class=\"wp-block-heading\">Formularios<\/h3>\r\n<p>\u00a0<\/p>\r\n\r\n<h3 class=\"wp-block-heading\">Cookies<\/h3>\r\n<p>\u00a0<\/p>\r\n\r\n<p id=\"tw-target-text\" class=\"wp-block-preformatted\">Si deja un comentario en nuestro sitio, puede optar por guardar su nombre, direcci\u00f3n de correo electr\u00f3nico y sitio web en cookies. Estos son para su conveniencia para que no tenga que volver a completar sus datos cuando deje otro comentario. Estas cookies durar\u00e1n un a\u00f1o.<\/p>\r\n<p>\u00a0Si visita nuestra p\u00e1gina de inicio de sesi\u00f3n, configuraremos una cookie temporal para determinar si su navegador acepta cookies. Esta cookie no contiene datos personales y se descarta cuando cierra su navegador.<\/p>\r\n\r\n<p>\u00a0Si edita o publica un art\u00edculo, se guardar\u00e1 una cookie adicional en su navegador. Esta cookie no incluye datos personales y simplemente indica el ID de publicaci\u00f3n del art\u00edculo que acaba de editar. Caduca despu\u00e9s de 1 d\u00eda.<\/p>\r\n\r\n<h3>\u00a0Contenido incrustado de otros sitios web<\/h3>\r\n\r\n<p>\u00a0Los art\u00edculos de este sitio pueden incluir contenido incrustado (por ejemplo, videos, im\u00e1genes, art\u00edculos, etc.). El contenido incrustado de otros sitios web se comporta exactamente de la misma manera que si el visitante hubiera visitado el otro sitio web.<\/p>\r\n\r\n<p>\u00a0Estos sitios web pueden recopilar datos sobre usted, utilizar cookies, incrustar un seguimiento adicional de terceros y supervisar su interacci\u00f3n con ese contenido incrustado, incluido el seguimiento de su interacci\u00f3n con el contenido incrustado si tiene una cuenta y ha iniciado sesi\u00f3n en ese sitio web.<\/p>\r\n\r\n<p>\u00a0<\/p>\r\n\r\n<h3 class=\"wp-block-heading\">A donde enviamos sus datos<\/h3>\r\n<p>Los comentarios de los visitantes se pueden verificar a trav\u00e9s de un servicio autom\u00e1tico de detecci\u00f3n de spam.<\/p>\r\n<p>[\/vc_column_text][\/vc_column][\/vc_row][vc_row][vc_column][vc_empty_space][vc_empty_space][\/vc_column][\/vc_row]<\/p>","protected":false},"excerpt":{"rendered":"<p>[vc_row][vc_column][vc_column_text] Aviso de Privacidad Nuestra website oficial es: https:\/\/omegatech.mx\/oficial. Su privacidad es importante para nosotros. Nosotros y nuestros socios almacenamos o accedemos a informaci\u00f3n en un dispositivo, tales como cookies, y procesamos datos personales, tales como identificadores \u00fanicos e informaci\u00f3n est\u00e1ndar enviada por un dispositivo, para anuncios y contenido personalizados, medici\u00f3n de anuncios y del [&hellip;]<\/p>\n","protected":false},"author":1,"featured_media":0,"parent":0,"menu_order":0,"comment_status":"closed","ping_status":"open","template":"","meta":[],"_links":{"self":[{"href":"https:\/\/omegatech.mx\/oficial\/wp-json\/wp\/v2\/pages\/3"}],"collection":[{"href":"https:\/\/omegatech.mx\/oficial\/wp-json\/wp\/v2\/pages"}],"about":[{"href":"https:\/\/omegatech.mx\/oficial\/wp-json\/wp\/v2\/types\/page"}],"author":[{"embeddable":true,"href":"https:\/\/omegatech.mx\/oficial\/wp-json\/wp\/v2\/users\/1"}],"replies":[{"embeddable":true,"href":"https:\/\/omegatech.mx\/oficial\/wp-json\/wp\/v2\/comments?post=3"}],"version-history":[{"count":8,"href":"https:\/\/omegatech.mx\/oficial\/wp-json\/wp\/v2\/pages\/3\/revisions"}],"predecessor-version":[{"id":4395,"href":"https:\/\/omegatech.mx\/oficial\/wp-json\/wp\/v2\/pages\/3\/revisions\/4395"}],"wp:attachment":[{"href":"https:\/\/omegatech.mx\/oficial\/wp-json\/wp\/v2\/media?parent=3"}],"curies":[{"name":"wp","href":"https:\/\/api.w.org\/{rel}","templated":true}]}}